
{"id":19471,"date":"2025-12-08T16:43:45","date_gmt":"2025-12-08T15:43:45","guid":{"rendered":"https:\/\/cheerz.wpengine.com\/?page_id=19471"},"modified":"2026-01-07T15:17:25","modified_gmt":"2026-01-07T14:17:25","slug":"app-cheerz","status":"publish","type":"page","link":"https:\/\/cheerz.wpengine.com\/app-cheerz\/","title":{"rendered":"L&rsquo;app Cheerz : l&rsquo;impression photo facile"},"content":{"rendered":"<div id=\"pl-19471\"  class=\"panel-layout\" ><div id=\"pg-19471-0\"  class=\"panel-grid panel-has-style\" ><div class=\"panel-row-style panel-row-style-for-19471-0\" ><div id=\"pgc-19471-0-0\"  class=\"panel-grid-cell\" ><div id=\"panel-19471-0-0-0\" class=\"so-panel widget widget_sow-headline panel-first-child\" data-index=\"0\" ><div\n\t\t\t\n\t\t\tclass=\"so-widget-sow-headline so-widget-sow-headline-default-e39352a7aa62-19471 so-widget-fittext-wrapper\"\n\t\t\t data-fit-text-compressor=\"0.85\"\n\t\t><div class=\"sow-headline-container \">\n\t\t\t\t\t\t\t<h2 class=\"sow-headline\">\n\t\t\t\t\t\tL'App Cheerz : la meilleure fa\u00e7on d'imprimer vos souvenirs\t\t\t\t\t\t<\/h2>\n\t\t\t\t\t\t\t\t\t\t\t<div class=\"decoration\">\n\t\t\t\t\t\t<div class=\"decoration-inside\"><\/div>\n\t\t\t\t\t<\/div>\n\t\t\t\t\t\t\t\t\t\t\t<p class=\"sow-sub-headline\">\n\t\t\t\t\t\tTransformez la fa\u00e7on dont vous ch\u00e9rissez vos souvenirs et donnez une seconde vie \u00e0 ces milliers de photos qui sommeillent dans votre smartphone.\t\t\t\t\t\t<\/p>\n\t\t\t\t\t\t<\/div>\n<\/div><\/div><div id=\"panel-19471-0-0-1\" class=\"so-panel widget widget_sow-headline panel-last-child\" data-index=\"1\" ><div\n\t\t\t\n\t\t\tclass=\"so-widget-sow-headline so-widget-sow-headline-default-3618af26eed0-19471 so-widget-fittext-wrapper\"\n\t\t\t data-fit-text-compressor=\"0.85\"\n\t\t><div class=\"sow-headline-container \">\n\t<\/div>\n<\/div><\/div><\/div><\/div><\/div><div id=\"pg-19471-1\"  class=\"panel-grid panel-no-style\" ><div id=\"pgc-19471-1-0\"  class=\"panel-grid-cell panel-grid-cell-empty\" ><\/div><div id=\"pgc-19471-1-1\"  class=\"panel-grid-cell panel-grid-cell-empty\" ><\/div><div id=\"pgc-19471-1-2\"  class=\"panel-grid-cell\" ><div id=\"panel-19471-1-2-0\" class=\"so-panel widget widget_sow-image panel-first-child panel-last-child\" data-index=\"2\" ><div\n\t\t\t\n\t\t\tclass=\"so-widget-sow-image so-widget-sow-image-default-113ccd71f3e6-19471\"\n\t\t\t data-tooltip-enabled=\"1\" data-tooltip-theme=\"light\"\n\t\t>\n<div class=\"sow-image-container\">\n\t\t\t<a href=\"https:\/\/apps.apple.com\/fr\/app\/cheerz-impression-photo\/id690875126\"\n\t\t\ttarget=\"_blank\" rel=\"noopener noreferrer\" \t\t>\n\t\t\t<img \n\tsrc=\"https:\/\/cheerz.wpengine.com\/wp-content\/uploads\/2026\/01\/app-store-fr-DZd4SbFE-1-300x95.png\" width=\"300\" height=\"95\" srcset=\"https:\/\/cheerz.wpengine.com\/wp-content\/uploads\/2026\/01\/app-store-fr-DZd4SbFE-1-300x95.png 300w, https:\/\/cheerz.wpengine.com\/wp-content\/uploads\/2026\/01\/app-store-fr-DZd4SbFE-1.png 395w\" sizes=\"(max-width: 300px) 100vw, 300px\" title=\"App Cheerz\" alt=\"T\u00e9l\u00e9charger l&#039;App Cheerz iOS\" \t\tclass=\"so-widget-image\"\/>\n\t\t\t<\/a><\/div>\n\n<\/div><\/div><\/div><div id=\"pgc-19471-1-3\"  class=\"panel-grid-cell\" ><div id=\"panel-19471-1-3-0\" class=\"so-panel widget widget_sow-image panel-first-child panel-last-child\" data-index=\"3\" ><div\n\t\t\t\n\t\t\tclass=\"so-widget-sow-image so-widget-sow-image-default-113ccd71f3e6-19471\"\n\t\t\t data-tooltip-enabled=\"1\" data-tooltip-theme=\"light\"\n\t\t>\n<div class=\"sow-image-container\">\n\t\t\t<a href=\"https:\/\/play.google.com\/store\/apps\/details?id=com.printklub.polabox&#038;%24deeplink_path=%2Ffr%2Faccount&#038;_branch_match_id=1509196410126633946&#038;utm_medium=sitemobile&#038;_branch_referrer=H4sIAAAAAAAAAx2NzQqDQAyEn2Y9rqA9FaSUlr6G7Gp0F6MJ2Uh%2FDn32xsLAwDDfTFLlcq7rIQHIxwdmj3lb6pIVVooZ4eKa0whlUeJ%2BF%2BzSQbj26pqHiTG8%2FUw0I%2FiBVkuKkoC5TRWzETRkNOCRR9fereNZ8qYL7tEzYYj0qv4XwMdzz0FTZ%2BAkx8gw0L5p9RWYQIyb%2Byj0LCDdLQmt8AOUidV%2BwAAAAA%3D%3D\"\n\t\t\ttarget=\"_blank\" rel=\"noopener noreferrer\" \t\t>\n\t\t\t<img \n\tsrc=\"https:\/\/cheerz.wpengine.com\/wp-content\/uploads\/2026\/01\/play-store-fr-BExSrfv3-1.png\" width=\"270\" height=\"80\" sizes=\"(max-width: 270px) 100vw, 270px\" title=\"App Cheerz\" alt=\"T\u00e9l\u00e9charger l&#039;app Cheerz Android\" \t\tclass=\"so-widget-image\"\/>\n\t\t\t<\/a><\/div>\n\n<\/div><\/div><\/div><div id=\"pgc-19471-1-4\"  class=\"panel-grid-cell panel-grid-cell-empty panel-grid-cell-mobile-last\" ><\/div><div id=\"pgc-19471-1-5\"  class=\"panel-grid-cell panel-grid-cell-empty\" ><\/div><\/div><div id=\"pg-19471-2\"  class=\"panel-grid panel-no-style\" ><div id=\"pgc-19471-2-0\"  class=\"panel-grid-cell\" ><div id=\"panel-19471-2-0-0\" class=\"so-panel widget widget_sow-features panel-first-child panel-last-child\" data-index=\"4\" ><div class=\"panel-widget-style panel-widget-style-for-19471-2-0-0\" ><div\n\t\t\t\n\t\t\tclass=\"so-widget-sow-features so-widget-sow-features-default-46061b5d04a0-19471\"\n\t\t\t\n\t\t><ul\n\tclass=\"sow-features-list\n\tsow-features-responsive\">\n\n\t\t\t<li\n\t\t\tclass=\"sow-features-feature sow-icon-container-position-top\"\n\t\t\tstyle=\"display: flex; flex-direction: column; width: calc(100% - 25px);\"\n\t\t>\n\t\t\t\n\t\t\t\t\t\t<div\t\t\t\tclass=\"sow-icon-container sow-container-round\"\n\t\t\t\tstyle=\"color: #ffffff; \"\n\t\t\t\t\n\t\t\t\t\t\t\t>\n\t\t\t\t\t\t\t\t\t\t<div class=\"sow-icon-image\" style=\"background-image: url(https:\/\/cheerz.wpengine.com\/wp-content\/uploads\/2025\/11\/memorybox_72.png); font-size: 60px\"><\/div>\n\t\t\t\t\t\t\t\t\t<\/div>\n\n\t\t\t<div class=\"textwidget\">\n\t\t\t\t\n\t\t\t\t\t\t\t\t\t<h5 class=\"sow-features-feature-title\">\n\t\t\t\t\t\tRemplissage automatique\t\t\t\t\t<\/h5>\n\t\t\t\t\n\t\t\t\t\t\t\t\t\t<div class=\"sow-features-feature-text\">\n\t\t\t\t\tAnalyse de vos photos, organisation chronologique et harmonieuse, suggestion de mise en page id\u00e9ale.\nL'album parfait en 3 clics seulement.\t\t\t\t\t<\/div>\n\t\t\t\t\t\t\t\t<\/div>\n\t\t\t\t\t\t\t\t<\/li>\n\n\t\t\t<li\n\t\t\tclass=\"sow-features-feature sow-icon-container-position-top\"\n\t\t\tstyle=\"display: flex; flex-direction: column; width: calc(100% - 25px);\"\n\t\t>\n\t\t\t\n\t\t\t\t\t\t<div\t\t\t\tclass=\"sow-icon-container sow-container-round\"\n\t\t\t\tstyle=\"color: #ffffff; \"\n\t\t\t\t\n\t\t\t\t\t\t\t>\n\t\t\t\t\t\t\t\t\t\t<div class=\"sow-icon-image\" style=\"background-image: url(https:\/\/cheerz.wpengine.com\/wp-content\/uploads\/2025\/11\/photos2_72.png); font-size: 60px\"><\/div>\n\t\t\t\t\t\t\t\t\t<\/div>\n\n\t\t\t<div class=\"textwidget\">\n\t\t\t\t\n\t\t\t\t\t\t\t\t\t<h5 class=\"sow-features-feature-title\">\n\t\t\t\t\t\tTemplates\t\t\t\t\t<\/h5>\n\t\t\t\t\n\t\t\t\t\t\t\t\t\t<div class=\"sow-features-feature-text\">\n\t\t\t\t\tDes mises en page adapt\u00e9es \u00e0 toutes vos envies et la possibilit\u00e9 de dupliquer vos anciennes cr\u00e9ations.\nGain de temps garanti !\t\t\t\t\t<\/div>\n\t\t\t\t\t\t\t\t<\/div>\n\t\t\t\t\t\t\t\t<\/li>\n\n\t<\/ul>\n<\/div><\/div><\/div><\/div><div id=\"pgc-19471-2-1\"  class=\"panel-grid-cell\" ><div id=\"panel-19471-2-1-0\" class=\"so-panel widget widget_siteorigin-panels-builder panel-first-child panel-last-child\" data-index=\"5\" ><div id=\"pl-w692887ba1750e\"  class=\"panel-layout\" ><div id=\"pg-w692887ba1750e-0\"  class=\"panel-grid panel-no-style\" ><div id=\"pgc-w692887ba1750e-0-0\"  class=\"panel-grid-cell\" ><div id=\"panel-w692887ba1750e-0-0-0\" class=\"so-panel widget widget_sow-slider panel-first-child panel-last-child\" data-index=\"0\" ><div\n\t\t\t\n\t\t\tclass=\"so-widget-sow-slider so-widget-sow-slider-default-bc7edba926bf\"\n\t\t\t\n\t\t>\t\t\t\t<div class=\"sow-slider-base\" style=\"display: none\" tabindex=\"0\">\n\t\t\t\t\t<ul\n\t\t\t\t\tclass=\"sow-slider-images\"\n\t\t\t\t\tdata-settings=\"{&quot;pagination&quot;:true,&quot;speed&quot;:800,&quot;timeout&quot;:2000,&quot;paused&quot;:false,&quot;pause_on_hover&quot;:false,&quot;swipe&quot;:true,&quot;nav_always_show_desktop&quot;:&quot;&quot;,&quot;nav_always_show_mobile&quot;:&quot;&quot;,&quot;breakpoint&quot;:&quot;780px&quot;,&quot;unmute&quot;:false,&quot;anchor&quot;:null}\"\n\t\t\t\t\t\t\t\t\t\tdata-anchor-id=\"\"\n\t\t\t\t>\t\t<li class=\"sow-slider-image\" style=\"visibility: visible;\" >\n\t\t\t\t\t\t<img loading=\"lazy\" decoding=\"async\" width=\"967\" height=\"2048\" src=\"https:\/\/cheerz.wpengine.com\/wp-content\/uploads\/2025\/11\/IMG_9944-scaled.png\" class=\"sow-slider-background-image\" alt=\"\" style=\"\" srcset=\"https:\/\/cheerz.wpengine.com\/wp-content\/uploads\/2025\/11\/IMG_9944-scaled.png 967w, https:\/\/cheerz.wpengine.com\/wp-content\/uploads\/2025\/11\/IMG_9944-142x300.png 142w, https:\/\/cheerz.wpengine.com\/wp-content\/uploads\/2025\/11\/IMG_9944-483x1024.png 483w, https:\/\/cheerz.wpengine.com\/wp-content\/uploads\/2025\/11\/IMG_9944-768x1627.png 768w, https:\/\/cheerz.wpengine.com\/wp-content\/uploads\/2025\/11\/IMG_9944-725x1536.png 725w\" sizes=\"auto, (max-width: 967px) 100vw, 967px\" \/>\t\t<\/li>\n\t\t\t\t<li class=\"sow-slider-image\" style=\"visibility: hidden;\" >\n\t\t\t\t\t\t<img loading=\"lazy\" decoding=\"async\" width=\"969\" height=\"2048\" src=\"https:\/\/cheerz.wpengine.com\/wp-content\/uploads\/2025\/11\/IMG_9945-scaled.png\" class=\"sow-slider-background-image\" alt=\"\" style=\"\" srcset=\"https:\/\/cheerz.wpengine.com\/wp-content\/uploads\/2025\/11\/IMG_9945-scaled.png 969w, https:\/\/cheerz.wpengine.com\/wp-content\/uploads\/2025\/11\/IMG_9945-142x300.png 142w, https:\/\/cheerz.wpengine.com\/wp-content\/uploads\/2025\/11\/IMG_9945-485x1024.png 485w, https:\/\/cheerz.wpengine.com\/wp-content\/uploads\/2025\/11\/IMG_9945-768x1622.png 768w, https:\/\/cheerz.wpengine.com\/wp-content\/uploads\/2025\/11\/IMG_9945-727x1536.png 727w\" sizes=\"auto, (max-width: 969px) 100vw, 969px\" \/>\t\t<\/li>\n\t\t\t\t<li class=\"sow-slider-image\" style=\"visibility: hidden;\" >\n\t\t\t\t\t\t<img loading=\"lazy\" decoding=\"async\" width=\"971\" height=\"2048\" src=\"https:\/\/cheerz.wpengine.com\/wp-content\/uploads\/2025\/11\/IMG_9946-scaled.png\" class=\"sow-slider-background-image\" alt=\"\" style=\"\" srcset=\"https:\/\/cheerz.wpengine.com\/wp-content\/uploads\/2025\/11\/IMG_9946-scaled.png 971w, https:\/\/cheerz.wpengine.com\/wp-content\/uploads\/2025\/11\/IMG_9946-142x300.png 142w, https:\/\/cheerz.wpengine.com\/wp-content\/uploads\/2025\/11\/IMG_9946-486x1024.png 486w, https:\/\/cheerz.wpengine.com\/wp-content\/uploads\/2025\/11\/IMG_9946-768x1619.png 768w\" sizes=\"auto, (max-width: 971px) 100vw, 971px\" \/>\t\t<\/li>\n\t\t\t\t<li class=\"sow-slider-image\" style=\"visibility: hidden;\" >\n\t\t\t\t\t\t<img loading=\"lazy\" decoding=\"async\" width=\"969\" height=\"2048\" src=\"https:\/\/cheerz.wpengine.com\/wp-content\/uploads\/2025\/11\/IMG_9947-scaled.png\" class=\"sow-slider-background-image\" alt=\"\" style=\"\" srcset=\"https:\/\/cheerz.wpengine.com\/wp-content\/uploads\/2025\/11\/IMG_9947-scaled.png 969w, https:\/\/cheerz.wpengine.com\/wp-content\/uploads\/2025\/11\/IMG_9947-142x300.png 142w, https:\/\/cheerz.wpengine.com\/wp-content\/uploads\/2025\/11\/IMG_9947-485x1024.png 485w, https:\/\/cheerz.wpengine.com\/wp-content\/uploads\/2025\/11\/IMG_9947-768x1622.png 768w, https:\/\/cheerz.wpengine.com\/wp-content\/uploads\/2025\/11\/IMG_9947-727x1536.png 727w\" sizes=\"auto, (max-width: 969px) 100vw, 969px\" \/>\t\t<\/li>\n\t\t\t\t<li class=\"sow-slider-image\" style=\"visibility: hidden;\" >\n\t\t\t\t\t\t<img loading=\"lazy\" decoding=\"async\" width=\"974\" height=\"2048\" src=\"https:\/\/cheerz.wpengine.com\/wp-content\/uploads\/2025\/11\/IMG_9948-scaled.png\" class=\"sow-slider-background-image\" alt=\"\" style=\"\" srcset=\"https:\/\/cheerz.wpengine.com\/wp-content\/uploads\/2025\/11\/IMG_9948-scaled.png 974w, https:\/\/cheerz.wpengine.com\/wp-content\/uploads\/2025\/11\/IMG_9948-143x300.png 143w, https:\/\/cheerz.wpengine.com\/wp-content\/uploads\/2025\/11\/IMG_9948-487x1024.png 487w, https:\/\/cheerz.wpengine.com\/wp-content\/uploads\/2025\/11\/IMG_9948-768x1614.png 768w, https:\/\/cheerz.wpengine.com\/wp-content\/uploads\/2025\/11\/IMG_9948-731x1536.png 731w\" sizes=\"auto, (max-width: 974px) 100vw, 974px\" \/>\t\t<\/li>\n\t\t<\/ul>\t\t\t\t<ol class=\"sow-slider-pagination\">\n\t\t\t\t\t\t\t\t\t\t\t<li><a href=\"#\" data-goto=\"0\" aria-label=\"afficher la diapositive 1\"><\/a><\/li>\n\t\t\t\t\t\t\t\t\t\t\t<li><a href=\"#\" data-goto=\"1\" aria-label=\"afficher la diapositive 2\"><\/a><\/li>\n\t\t\t\t\t\t\t\t\t\t\t<li><a href=\"#\" data-goto=\"2\" aria-label=\"afficher la diapositive 3\"><\/a><\/li>\n\t\t\t\t\t\t\t\t\t\t\t<li><a href=\"#\" data-goto=\"3\" aria-label=\"afficher la diapositive 4\"><\/a><\/li>\n\t\t\t\t\t\t\t\t\t\t\t<li><a href=\"#\" data-goto=\"4\" aria-label=\"afficher la diapositive 5\"><\/a><\/li>\n\t\t\t\t\t\t\t\t\t<\/ol>\n\n\t\t\t\t<div class=\"sow-slide-nav sow-slide-nav-next\">\n\t\t\t\t\t<a href=\"#\" data-goto=\"next\" aria-label=\"diapositive suivante\" data-action=\"next\">\n\t\t\t\t\t\t<em class=\"sow-sld-icon-thin-right\"><\/em>\n\t\t\t\t\t<\/a>\n\t\t\t\t<\/div>\n\n\t\t\t\t<div class=\"sow-slide-nav sow-slide-nav-prev\">\n\t\t\t\t\t<a href=\"#\" data-goto=\"previous\" aria-label=\"diapositive pr\u00e9c\u00e9dente\" data-action=\"prev\">\n\t\t\t\t\t\t<em class=\"sow-sld-icon-thin-left\"><\/em>\n\t\t\t\t\t<\/a>\n\t\t\t\t<\/div>\n\t\t\t\t<\/div><\/div><\/div><\/div><\/div><\/div><\/div><\/div><div id=\"pgc-19471-2-2\"  class=\"panel-grid-cell\" ><div id=\"panel-19471-2-2-0\" class=\"so-panel widget widget_sow-features panel-first-child panel-last-child\" data-index=\"6\" ><div class=\"panel-widget-style panel-widget-style-for-19471-2-2-0\" ><div\n\t\t\t\n\t\t\tclass=\"so-widget-sow-features so-widget-sow-features-default-46061b5d04a0-19471\"\n\t\t\t\n\t\t><ul\n\tclass=\"sow-features-list\n\tsow-features-responsive\">\n\n\t\t\t<li\n\t\t\tclass=\"sow-features-feature sow-icon-container-position-top\"\n\t\t\tstyle=\"display: flex; flex-direction: column; width: calc(100% - 25px);\"\n\t\t>\n\t\t\t\n\t\t\t\t\t\t<div\t\t\t\tclass=\"sow-icon-container sow-container-round\"\n\t\t\t\tstyle=\"color: #ffffff; \"\n\t\t\t\t\n\t\t\t\t\t\t\t>\n\t\t\t\t\t\t\t\t\t\t<div class=\"sow-icon-image\" style=\"background-image: url(https:\/\/cheerz.wpengine.com\/wp-content\/uploads\/2025\/11\/qrcode_mobile_72.png); font-size: 60px\"><\/div>\n\t\t\t\t\t\t\t\t\t<\/div>\n\n\t\t\t<div class=\"textwidget\">\n\t\t\t\t\n\t\t\t\t\t\t\t\t\t<h5 class=\"sow-features-feature-title\">\n\t\t\t\t\t\tCollecte de photo\t\t\t\t\t<\/h5>\n\t\t\t\t\n\t\t\t\t\t\t\t\t\t<div class=\"sow-features-feature-text\">\n\t\t\t\t\tEnvoi de photos du mobile vers l'ordinateur gr\u00e2ce \u00e0 un QR Code et r\u00e9colte de photos aupr\u00e8s de vos proches. \nUne collaboration intuitive !\t\t\t\t\t<\/div>\n\t\t\t\t\t\t\t\t<\/div>\n\t\t\t\t\t\t\t\t<\/li>\n\n\t\t\t<li\n\t\t\tclass=\"sow-features-feature sow-icon-container-position-top\"\n\t\t\tstyle=\"display: flex; flex-direction: column; width: calc(100% - 25px);\"\n\t\t>\n\t\t\t\n\t\t\t\t\t\t<div\t\t\t\tclass=\"sow-icon-container sow-container-round\"\n\t\t\t\tstyle=\"color: #ffffff; \"\n\t\t\t\t\n\t\t\t\t\t\t\t>\n\t\t\t\t\t\t\t\t\t\t<div class=\"sow-icon-image\" style=\"background-image: url(https:\/\/cheerz.wpengine.com\/wp-content\/uploads\/2025\/11\/loupe_photos_72.png); font-size: 60px\"><\/div>\n\t\t\t\t\t\t\t\t\t<\/div>\n\n\t\t\t<div class=\"textwidget\">\n\t\t\t\t\n\t\t\t\t\t\t\t\t\t<h5 class=\"sow-features-feature-title\">\n\t\t\t\t\t\tContr\u00f4le qualit\u00e9\t\t\t\t\t<\/h5>\n\t\t\t\t\n\t\t\t\t\t\t\t\t\t<div class=\"sow-features-feature-text\">\n\t\t\t\t\tAlertes sur la qualit\u00e9 des photos, le cadrage et pr\u00e9visualisation instantan\u00e9e.\nPas de mauvaise surprise lors de la r\u00e9ception de votre produit !\t\t\t\t\t<\/div>\n\t\t\t\t\t\t\t\t<\/div>\n\t\t\t\t\t\t\t\t<\/li>\n\n\t<\/ul>\n<\/div><\/div><\/div><\/div><\/div><div id=\"pg-19471-3\"  class=\"panel-grid panel-no-style\" ><div id=\"pgc-19471-3-0\"  class=\"panel-grid-cell\" ><div id=\"panel-19471-3-0-0\" class=\"so-panel widget widget_sow-image panel-first-child panel-last-child\" data-index=\"7\" ><div\n\t\t\t\n\t\t\tclass=\"so-widget-sow-image so-widget-sow-image-default-8b5b6f678277-19471\"\n\t\t\t data-tooltip-enabled=\"1\" data-tooltip-theme=\"light\"\n\t\t>\n<div class=\"sow-image-container\">\n\t\t<img \n\tsrc=\"https:\/\/cheerz.wpengine.com\/wp-content\/uploads\/2025\/11\/APP-CUSTO-DESK.png\" width=\"1240\" height=\"253\" srcset=\"https:\/\/cheerz.wpengine.com\/wp-content\/uploads\/2025\/11\/APP-CUSTO-DESK.png 1240w, https:\/\/cheerz.wpengine.com\/wp-content\/uploads\/2025\/11\/APP-CUSTO-DESK-300x61.png 300w, https:\/\/cheerz.wpengine.com\/wp-content\/uploads\/2025\/11\/APP-CUSTO-DESK-1024x209.png 1024w, https:\/\/cheerz.wpengine.com\/wp-content\/uploads\/2025\/11\/APP-CUSTO-DESK-768x157.png 768w, https:\/\/cheerz.wpengine.com\/wp-content\/uploads\/2025\/11\/APP-CUSTO-DESK-1000x204.png 1000w\" sizes=\"(max-width: 1240px) 100vw, 1240px\" alt=\"\" \t\tclass=\"so-widget-image\"\/>\n\t<\/div>\n\n<\/div><\/div><\/div><\/div><\/div>","protected":false},"excerpt":{"rendered":"<p>L&rsquo;App Cheerz : la meilleure fa\u00e7on d&rsquo;imprimer vos souvenirs Transformez la fa\u00e7on dont vous ch\u00e9rissez vos souvenirs et donnez une seconde vie \u00e0 ces milliers de photos qui sommeillent dans votre smartphone. Remplissage automatique Analyse de vos photos, organisation chronologique et harmonieuse, suggestion de mise en page id\u00e9ale. L&rsquo;album parfait en 3 clics seulement. Templates [&hellip;]<\/p>\n","protected":false},"author":42,"featured_media":0,"parent":0,"menu_order":0,"comment_status":"closed","ping_status":"closed","template":"","meta":{"_acf_changed":false,"_lmt_disableupdate":"no","_lmt_disable":"","iawp_total_views":362,"footnotes":""},"class_list":["post-19471","page","type-page","status-publish","hentry"],"acf":[],"yoast_head":"<!-- This site is optimized with the Yoast SEO plugin v27.5 - https:\/\/yoast.com\/product\/yoast-seo-wordpress\/ -->\n<title>L&#039;app Cheerz : l&#039;impression photo facile - Blog Cheerz<\/title>\n<meta name=\"description\" content=\"T\u00e9l\u00e9chargez l&#039;application Cheerz sur App Store ou Play Store pour profiter de toutes les fonctionnalit\u00e9s de cr\u00e9ation de produits photos !\" \/>\n<meta name=\"robots\" content=\"index, follow, max-snippet:-1, max-image-preview:large, max-video-preview:-1\" \/>\n<link rel=\"canonical\" href=\"https:\/\/cheerz.wpengine.com\/app-cheerz\/\" \/>\n<meta property=\"og:locale\" content=\"fr_FR\" \/>\n<meta property=\"og:type\" content=\"article\" \/>\n<meta property=\"og:title\" content=\"L&#039;app Cheerz : l&#039;impression photo facile - Blog Cheerz\" \/>\n<meta property=\"og:description\" content=\"T\u00e9l\u00e9chargez l&#039;application Cheerz sur App Store ou Play Store pour profiter de toutes les fonctionnalit\u00e9s de cr\u00e9ation de produits photos !\" \/>\n<meta property=\"og:url\" content=\"https:\/\/cheerz.wpengine.com\/app-cheerz\/\" \/>\n<meta property=\"og:site_name\" content=\"Blog Cheerz\" \/>\n<meta property=\"article:modified_time\" content=\"2026-01-07T14:17:25+00:00\" \/>\n<meta name=\"twitter:card\" content=\"summary_large_image\" \/>\n<meta name=\"twitter:label1\" content=\"Dur\u00e9e de lecture estim\u00e9e\" \/>\n\t<meta name=\"twitter:data1\" content=\"3 minutes\" \/>\n<script type=\"application\/ld+json\" class=\"yoast-schema-graph\">{\"@context\":\"https:\\\/\\\/schema.org\",\"@graph\":[{\"@type\":\"WebPage\",\"@id\":\"https:\\\/\\\/cheerz.wpengine.com\\\/app-cheerz\\\/\",\"url\":\"https:\\\/\\\/cheerz.wpengine.com\\\/app-cheerz\\\/\",\"name\":\"L'app Cheerz : l'impression photo facile - Blog Cheerz\",\"isPartOf\":{\"@id\":\"https:\\\/\\\/cheerz.wpengine.com\\\/#website\"},\"datePublished\":\"2025-12-08T15:43:45+00:00\",\"dateModified\":\"2026-01-07T14:17:25+00:00\",\"description\":\"T\u00e9l\u00e9chargez l'application Cheerz sur App Store ou Play Store pour profiter de toutes les fonctionnalit\u00e9s de cr\u00e9ation de produits photos !\",\"breadcrumb\":{\"@id\":\"https:\\\/\\\/cheerz.wpengine.com\\\/app-cheerz\\\/#breadcrumb\"},\"inLanguage\":\"fr-FR\",\"potentialAction\":[{\"@type\":\"ReadAction\",\"target\":[\"https:\\\/\\\/cheerz.wpengine.com\\\/app-cheerz\\\/\"]}]},{\"@type\":\"BreadcrumbList\",\"@id\":\"https:\\\/\\\/cheerz.wpengine.com\\\/app-cheerz\\\/#breadcrumb\",\"itemListElement\":[{\"@type\":\"ListItem\",\"position\":1,\"name\":\"Royal Cheerz\",\"item\":\"https:\\\/\\\/cheerz.wpengine.com\\\/\"},{\"@type\":\"ListItem\",\"position\":2,\"name\":\"L&rsquo;app Cheerz : l&rsquo;impression photo facile\"}]},{\"@type\":\"WebSite\",\"@id\":\"https:\\\/\\\/cheerz.wpengine.com\\\/#website\",\"url\":\"https:\\\/\\\/cheerz.wpengine.com\\\/\",\"name\":\"Blog Cheerz\",\"description\":\"Imprimeur de sourires\",\"potentialAction\":[{\"@type\":\"SearchAction\",\"target\":{\"@type\":\"EntryPoint\",\"urlTemplate\":\"https:\\\/\\\/cheerz.wpengine.com\\\/?s={search_term_string}\"},\"query-input\":{\"@type\":\"PropertyValueSpecification\",\"valueRequired\":true,\"valueName\":\"search_term_string\"}}],\"inLanguage\":\"fr-FR\"}]}<\/script>\n<!-- \/ Yoast SEO plugin. -->","yoast_head_json":{"title":"L'app Cheerz : l'impression photo facile - Blog Cheerz","description":"T\u00e9l\u00e9chargez l'application Cheerz sur App Store ou Play Store pour profiter de toutes les fonctionnalit\u00e9s de cr\u00e9ation de produits photos !","robots":{"index":"index","follow":"follow","max-snippet":"max-snippet:-1","max-image-preview":"max-image-preview:large","max-video-preview":"max-video-preview:-1"},"canonical":"https:\/\/cheerz.wpengine.com\/app-cheerz\/","og_locale":"fr_FR","og_type":"article","og_title":"L'app Cheerz : l'impression photo facile - Blog Cheerz","og_description":"T\u00e9l\u00e9chargez l'application Cheerz sur App Store ou Play Store pour profiter de toutes les fonctionnalit\u00e9s de cr\u00e9ation de produits photos !","og_url":"https:\/\/cheerz.wpengine.com\/app-cheerz\/","og_site_name":"Blog Cheerz","article_modified_time":"2026-01-07T14:17:25+00:00","twitter_card":"summary_large_image","twitter_misc":{"Dur\u00e9e de lecture estim\u00e9e":"3 minutes"},"schema":{"@context":"https:\/\/schema.org","@graph":[{"@type":"WebPage","@id":"https:\/\/cheerz.wpengine.com\/app-cheerz\/","url":"https:\/\/cheerz.wpengine.com\/app-cheerz\/","name":"L'app Cheerz : l'impression photo facile - Blog Cheerz","isPartOf":{"@id":"https:\/\/cheerz.wpengine.com\/#website"},"datePublished":"2025-12-08T15:43:45+00:00","dateModified":"2026-01-07T14:17:25+00:00","description":"T\u00e9l\u00e9chargez l'application Cheerz sur App Store ou Play Store pour profiter de toutes les fonctionnalit\u00e9s de cr\u00e9ation de produits photos !","breadcrumb":{"@id":"https:\/\/cheerz.wpengine.com\/app-cheerz\/#breadcrumb"},"inLanguage":"fr-FR","potentialAction":[{"@type":"ReadAction","target":["https:\/\/cheerz.wpengine.com\/app-cheerz\/"]}]},{"@type":"BreadcrumbList","@id":"https:\/\/cheerz.wpengine.com\/app-cheerz\/#breadcrumb","itemListElement":[{"@type":"ListItem","position":1,"name":"Royal Cheerz","item":"https:\/\/cheerz.wpengine.com\/"},{"@type":"ListItem","position":2,"name":"L&rsquo;app Cheerz : l&rsquo;impression photo facile"}]},{"@type":"WebSite","@id":"https:\/\/cheerz.wpengine.com\/#website","url":"https:\/\/cheerz.wpengine.com\/","name":"Blog Cheerz","description":"Imprimeur de sourires","potentialAction":[{"@type":"SearchAction","target":{"@type":"EntryPoint","urlTemplate":"https:\/\/cheerz.wpengine.com\/?s={search_term_string}"},"query-input":{"@type":"PropertyValueSpecification","valueRequired":true,"valueName":"search_term_string"}}],"inLanguage":"fr-FR"}]}},"_links":{"self":[{"href":"https:\/\/cheerz.wpengine.com\/wp-json\/wp\/v2\/pages\/19471","targetHints":{"allow":["GET"]}}],"collection":[{"href":"https:\/\/cheerz.wpengine.com\/wp-json\/wp\/v2\/pages"}],"about":[{"href":"https:\/\/cheerz.wpengine.com\/wp-json\/wp\/v2\/types\/page"}],"author":[{"embeddable":true,"href":"https:\/\/cheerz.wpengine.com\/wp-json\/wp\/v2\/users\/42"}],"replies":[{"embeddable":true,"href":"https:\/\/cheerz.wpengine.com\/wp-json\/wp\/v2\/comments?post=19471"}],"version-history":[{"count":0,"href":"https:\/\/cheerz.wpengine.com\/wp-json\/wp\/v2\/pages\/19471\/revisions"}],"wp:attachment":[{"href":"https:\/\/cheerz.wpengine.com\/wp-json\/wp\/v2\/media?parent=19471"}],"curies":[{"name":"wp","href":"https:\/\/api.w.org\/{rel}","templated":true}]}}